{"id":1632,"date":"2025-03-14T16:17:50","date_gmt":"2025-03-14T15:17:50","guid":{"rendered":"https:\/\/www.manoirsaintleon.com\/box-office\/"},"modified":"2025-03-27T15:34:18","modified_gmt":"2025-03-27T14:34:18","slug":"ticket","status":"publish","type":"page","link":"https:\/\/www.manoirsaintleon.com\/en\/ticket\/","title":{"rendered":"Tickets"},"content":{"rendered":"<section id=\"ls-section-block_5b2ca5746519ed4a8376c07c599ed1cf\" class=\"ls-section \" >\r\n        <div class=\"container \">\r\n        \n\n<h1 class=\"ls__heading wp-block-heading\">The Donjon, Manoir and Jardin de la Salle ticket office in Saint-L\u00e9on-sur-V\u00e9z\u00e8re<\/h1>\n\n\n\n<p class=\"ls-paragraph\">Book your ticket online<\/p>\n\n\r\n    <\/div>\r\n<\/section><section id=\"ls-section-block_64a2f6ed9f1eae1fc0983cfa56cbe993\" class=\"ls-section \" >\r\n        <div class=\"container container--wide\">\r\n        \n\n<iframe src=\"https:\/\/roque.ats-sarlat.com\/cgi-bin\/progats\/ecommerce?licence=24LA_ROQUE_ST02&#038;typprest=3\" width=\"100%\" height=\"2000\" style=\"border:none;\"><\/iframe>\n\n\r\n    <\/div>\r\n<\/section>","protected":false},"excerpt":{"rendered":"","protected":false},"author":1,"featured_media":0,"parent":0,"menu_order":0,"comment_status":"closed","ping_status":"closed","template":"","meta":{"_acf_changed":false,"inline_featured_image":false,"footnotes":""},"sujet":[],"class_list":["post-1632","page","type-page","status-publish","hentry"],"acf":[],"yoast_head":"<!-- This site is optimized with the Yoast SEO plugin v23.4 - https:\/\/yoast.com\/wordpress\/plugins\/seo\/ -->\n<title>Le Manoir, Donjon and Jardin de la Salle ticket office<\/title>\n<meta name=\"robots\" content=\"index, follow, max-snippet:-1, max-image-preview:large, max-video-preview:-1\" \/>\n<link rel=\"canonical\" href=\"https:\/\/www.manoirsaintleon.com\/en\/ticket\/\" \/>\n<meta property=\"og:locale\" content=\"en_US\" \/>\n<meta property=\"og:type\" content=\"article\" \/>\n<meta property=\"og:title\" content=\"Le Manoir, Donjon and Jardin de la Salle ticket office\" \/>\n<meta property=\"og:url\" content=\"https:\/\/www.manoirsaintleon.com\/en\/ticket\/\" \/>\n<meta property=\"og:site_name\" content=\"Donjon, Manoir et Jardin de la Salle\" \/>\n<meta property=\"article:modified_time\" content=\"2025-03-27T14:34:18+00:00\" \/>\n<meta name=\"twitter:card\" content=\"summary_large_image\" \/>\n<script type=\"application\/ld+json\" class=\"yoast-schema-graph\">{\"@context\":\"https:\/\/schema.org\",\"@graph\":[{\"@type\":\"WebPage\",\"@id\":\"https:\/\/www.manoirsaintleon.com\/en\/ticket\/\",\"url\":\"https:\/\/www.manoirsaintleon.com\/en\/ticket\/\",\"name\":\"Le Manoir, Donjon and Jardin de la Salle ticket office\",\"isPartOf\":{\"@id\":\"https:\/\/www.manoirsaintleon.com\/en\/#website\"},\"datePublished\":\"2025-03-14T15:17:50+00:00\",\"dateModified\":\"2025-03-27T14:34:18+00:00\",\"breadcrumb\":{\"@id\":\"https:\/\/www.manoirsaintleon.com\/en\/ticket\/#breadcrumb\"},\"inLanguage\":\"en-US\",\"potentialAction\":[{\"@type\":\"ReadAction\",\"target\":[\"https:\/\/www.manoirsaintleon.com\/en\/ticket\/\"]}]},{\"@type\":\"BreadcrumbList\",\"@id\":\"https:\/\/www.manoirsaintleon.com\/en\/ticket\/#breadcrumb\",\"itemListElement\":[{\"@type\":\"ListItem\",\"position\":1,\"name\":\"Donjon, Manoir et Jardin de la salle\",\"item\":\"https:\/\/www.manoirsaintleon.com\/en\/\"},{\"@type\":\"ListItem\",\"position\":2,\"name\":\"Le Manoir, Donjon et Jardin de la Salle ticket office in Saint-L\u00e9on-sur-V\u00e9z\u00e8re\"}]},{\"@type\":\"WebSite\",\"@id\":\"https:\/\/www.manoirsaintleon.com\/en\/#website\",\"url\":\"https:\/\/www.manoirsaintleon.com\/en\/\",\"name\":\"Donjon, Manoir et Jardin de la Salle\",\"description\":\"\",\"publisher\":{\"@id\":\"https:\/\/www.manoirsaintleon.com\/en\/#organization\"},\"potentialAction\":[{\"@type\":\"SearchAction\",\"target\":{\"@type\":\"EntryPoint\",\"urlTemplate\":\"https:\/\/www.manoirsaintleon.com\/en\/?s={search_term_string}\"},\"query-input\":{\"@type\":\"PropertyValueSpecification\",\"valueRequired\":true,\"valueName\":\"search_term_string\"}}],\"inLanguage\":\"en-US\"},{\"@type\":\"Organization\",\"@id\":\"https:\/\/www.manoirsaintleon.com\/en\/#organization\",\"name\":\"Donjon, Manoir et Jardin de la Salle\",\"url\":\"https:\/\/www.manoirsaintleon.com\/en\/\",\"logo\":{\"@type\":\"ImageObject\",\"inLanguage\":\"en-US\",\"@id\":\"https:\/\/www.manoirsaintleon.com\/en\/#\/schema\/logo\/image\/\",\"url\":\"https:\/\/www.manoirsaintleon.com\/wp-content\/uploads\/2024\/03\/logo-donjon.webp\",\"contentUrl\":\"https:\/\/www.manoirsaintleon.com\/wp-content\/uploads\/2024\/03\/logo-donjon.webp\",\"width\":468,\"height\":170,\"caption\":\"Donjon, Manoir et Jardin de la Salle\"},\"image\":{\"@id\":\"https:\/\/www.manoirsaintleon.com\/en\/#\/schema\/logo\/image\/\"}}]}<\/script>\n<!-- \/ Yoast SEO plugin. -->","yoast_head_json":{"title":"Le Manoir, Donjon and Jardin de la Salle ticket office","robots":{"index":"index","follow":"follow","max-snippet":"max-snippet:-1","max-image-preview":"max-image-preview:large","max-video-preview":"max-video-preview:-1"},"canonical":"https:\/\/www.manoirsaintleon.com\/en\/ticket\/","og_locale":"en_US","og_type":"article","og_title":"Le Manoir, Donjon and Jardin de la Salle ticket office","og_url":"https:\/\/www.manoirsaintleon.com\/en\/ticket\/","og_site_name":"Donjon, Manoir et Jardin de la Salle","article_modified_time":"2025-03-27T14:34:18+00:00","twitter_card":"summary_large_image","schema":{"@context":"https:\/\/schema.org","@graph":[{"@type":"WebPage","@id":"https:\/\/www.manoirsaintleon.com\/en\/ticket\/","url":"https:\/\/www.manoirsaintleon.com\/en\/ticket\/","name":"Le Manoir, Donjon and Jardin de la Salle ticket office","isPartOf":{"@id":"https:\/\/www.manoirsaintleon.com\/en\/#website"},"datePublished":"2025-03-14T15:17:50+00:00","dateModified":"2025-03-27T14:34:18+00:00","breadcrumb":{"@id":"https:\/\/www.manoirsaintleon.com\/en\/ticket\/#breadcrumb"},"inLanguage":"en-US","potentialAction":[{"@type":"ReadAction","target":["https:\/\/www.manoirsaintleon.com\/en\/ticket\/"]}]},{"@type":"BreadcrumbList","@id":"https:\/\/www.manoirsaintleon.com\/en\/ticket\/#breadcrumb","itemListElement":[{"@type":"ListItem","position":1,"name":"Donjon, Manoir et Jardin de la salle","item":"https:\/\/www.manoirsaintleon.com\/en\/"},{"@type":"ListItem","position":2,"name":"Le Manoir, Donjon et Jardin de la Salle ticket office in Saint-L\u00e9on-sur-V\u00e9z\u00e8re"}]},{"@type":"WebSite","@id":"https:\/\/www.manoirsaintleon.com\/en\/#website","url":"https:\/\/www.manoirsaintleon.com\/en\/","name":"Donjon, Manoir et Jardin de la Salle","description":"","publisher":{"@id":"https:\/\/www.manoirsaintleon.com\/en\/#organization"},"potentialAction":[{"@type":"SearchAction","target":{"@type":"EntryPoint","urlTemplate":"https:\/\/www.manoirsaintleon.com\/en\/?s={search_term_string}"},"query-input":{"@type":"PropertyValueSpecification","valueRequired":true,"valueName":"search_term_string"}}],"inLanguage":"en-US"},{"@type":"Organization","@id":"https:\/\/www.manoirsaintleon.com\/en\/#organization","name":"Donjon, Manoir et Jardin de la Salle","url":"https:\/\/www.manoirsaintleon.com\/en\/","logo":{"@type":"ImageObject","inLanguage":"en-US","@id":"https:\/\/www.manoirsaintleon.com\/en\/#\/schema\/logo\/image\/","url":"https:\/\/www.manoirsaintleon.com\/wp-content\/uploads\/2024\/03\/logo-donjon.webp","contentUrl":"https:\/\/www.manoirsaintleon.com\/wp-content\/uploads\/2024\/03\/logo-donjon.webp","width":468,"height":170,"caption":"Donjon, Manoir et Jardin de la Salle"},"image":{"@id":"https:\/\/www.manoirsaintleon.com\/en\/#\/schema\/logo\/image\/"}}]}},"_links":{"self":[{"href":"https:\/\/www.manoirsaintleon.com\/en\/wp-json\/wp\/v2\/pages\/1632","targetHints":{"allow":["GET"]}}],"collection":[{"href":"https:\/\/www.manoirsaintleon.com\/en\/wp-json\/wp\/v2\/pages"}],"about":[{"href":"https:\/\/www.manoirsaintleon.com\/en\/wp-json\/wp\/v2\/types\/page"}],"author":[{"embeddable":true,"href":"https:\/\/www.manoirsaintleon.com\/en\/wp-json\/wp\/v2\/users\/1"}],"replies":[{"embeddable":true,"href":"https:\/\/www.manoirsaintleon.com\/en\/wp-json\/wp\/v2\/comments?post=1632"}],"version-history":[{"count":5,"href":"https:\/\/www.manoirsaintleon.com\/en\/wp-json\/wp\/v2\/pages\/1632\/revisions"}],"predecessor-version":[{"id":1641,"href":"https:\/\/www.manoirsaintleon.com\/en\/wp-json\/wp\/v2\/pages\/1632\/revisions\/1641"}],"wp:attachment":[{"href":"https:\/\/www.manoirsaintleon.com\/en\/wp-json\/wp\/v2\/media?parent=1632"}],"wp:term":[{"taxonomy":"sujet","embeddable":true,"href":"https:\/\/www.manoirsaintleon.com\/en\/wp-json\/wp\/v2\/sujet?post=1632"}],"curies":[{"name":"wp","href":"https:\/\/api.w.org\/{rel}","templated":true}]}}