{"id":1268,"date":"2024-03-06T15:06:27","date_gmt":"2024-03-06T14:06:27","guid":{"rendered":"https:\/\/www.manoirsaintleon.com\/single-twin-tickets\/"},"modified":"2025-02-03T11:11:06","modified_gmt":"2025-02-03T10:11:06","slug":"single-twin-tickets","status":"publish","type":"page","link":"https:\/\/www.manoirsaintleon.com\/en\/single-twin-tickets\/","title":{"rendered":"Single &amp; twin tickets"},"content":{"rendered":"<section id=\"ls-section-block_853baf5e8250621019dceeb34333a6fa\" class=\"ls-section  home-fourth page-billet has-m-t m-t-10 has-m-b m-b-0 has-p-t p-t-20 has-p-b p-b-14\" >\r\n        <div class=\"container container--wide\">\r\n        \n\n<div class=\"wp-block-columns is-layout-flex wp-container-core-columns-is-layout-9d6595d7 wp-block-columns-is-layout-flex\">\n<div class=\"wp-block-column first is-layout-flow wp-block-column-is-layout-flow\">\n<h2 class=\"ls__heading wp-block-heading\">Donjon, Manoir and Jardin de la Salle one-way ticket<\/h2>\n\n\n\n<p class=\"ls-paragraph\">Visit the <a href=\"https:\/\/www.manoirsaintleon.com\/en\/\">Donjon, Manoir et Jardin de la Salle site<\/a>, at your own pace, whenever you like <strong>during<\/strong> its <strong>opening period<\/strong> (April to the end of the All Saints&#8217; vacation period). This <strong>romantic <\/strong>and <strong>authentic <\/strong>place invites you to take a <strong>peaceful stroll <\/strong>, full of curiosities and <strong>unusual objects<\/strong>, in a <strong>charming environment<\/strong>. A journey into the past in one of France&#8217;s most beautiful villages: Saint-L\u00e9on-sur-V\u00e9z\u00e8re.<\/p>\n\n\n\n<div class=\"wp-block-columns is-layout-flex wp-container-core-columns-is-layout-9d6595d7 wp-block-columns-is-layout-flex\">\n<div class=\"wp-block-column is-layout-flow wp-block-column-is-layout-flow\">\n<a href=\"https:\/\/roque.ats-sarlat.com\/cgi-bin\/progats\/ecommerce?licence=24LA_ROQUE_ST02&#038;typprest=3\" id=\"ls-button-block_7a84f67446a8df3d713504ca830bcaab\" target=\"_blank\" rel=\"\" class=\"ls-button\"><span>Buy a one-way ticket<\/span><i class=\"roque-fleche-vers-la-droite\"><\/i><\/a><\/div>\n<\/div>\n<\/div>\n\n\n\n<div class=\"wp-block-column is-vertically-aligned-center second p-t-5 is-layout-flow wp-block-column-is-layout-flow\">\n<figure class=\"wp-block-gallery has-nested-images columns-default is-cropped gallery-image wp-block-gallery-1 is-layout-flex wp-block-gallery-is-layout-flex\">\n<figure class=\"wp-block-image size-full\"><a href=\"https:\/\/www.manoirsaintleon.com\/wp-content\/uploads\/2024\/03\/Donjon-et-Manoir-de-la-Salle.webp\"><img decoding=\"async\" width=\"1000\" height=\"1000\" data-id=\"470\" src=\"https:\/\/www.manoirsaintleon.com\/wp-content\/uploads\/2024\/03\/Donjon-et-Manoir-de-la-Salle.webp\" alt=\"Donjon and Manoir de la Salle\" class=\"wp-image-470\" srcset=\"https:\/\/www.manoirsaintleon.com\/wp-content\/uploads\/2024\/03\/Donjon-et-Manoir-de-la-Salle.webp 1000w, https:\/\/www.manoirsaintleon.com\/wp-content\/uploads\/2024\/03\/Donjon-et-Manoir-de-la-Salle-300x300.webp 300w, https:\/\/www.manoirsaintleon.com\/wp-content\/uploads\/2024\/03\/Donjon-et-Manoir-de-la-Salle-150x150.webp 150w, https:\/\/www.manoirsaintleon.com\/wp-content\/uploads\/2024\/03\/Donjon-et-Manoir-de-la-Salle-768x768.webp 768w\" sizes=\"(max-width: 1000px) 100vw, 1000px\" \/><\/a><\/figure>\n<\/figure>\n<\/div>\n<\/div>\n\n\r\n    <\/div>\r\n<\/section>\n\n<section id=\"duo\" class=\"ls-section  home-fourth column-reverse has-m-t m-t-10 has-m-b m-b-10 has-p-t p-t-10 has-p-b p-b-10\" >\r\n        <div class=\"container container--wide\">\r\n        \n\n<div class=\"wp-block-columns is-layout-flex wp-container-core-columns-is-layout-9d6595d7 wp-block-columns-is-layout-flex\">\n<div class=\"wp-block-column is-vertically-aligned-center second p-t-5 is-layout-flow wp-block-column-is-layout-flow\">\n<figure class=\"wp-block-gallery has-nested-images columns-default is-cropped gallery-image wp-block-gallery-2 is-layout-flex wp-block-gallery-is-layout-flex\">\n<figure class=\"wp-block-image size-full\"><a href=\"https:\/\/www.manoirsaintleon.com\/wp-content\/uploads\/2024\/03\/billet-Roque-Donjon-et-Manoir-de-la-Salle.webp\"><img decoding=\"async\" width=\"1200\" height=\"1200\" data-id=\"891\" src=\"https:\/\/www.manoirsaintleon.com\/wp-content\/uploads\/2024\/03\/billet-Roque-Donjon-et-Manoir-de-la-Salle.webp\" alt=\"ticket Roque Donjon and Manoir de la Salle\" class=\"wp-image-891\" srcset=\"https:\/\/www.manoirsaintleon.com\/wp-content\/uploads\/2024\/03\/billet-Roque-Donjon-et-Manoir-de-la-Salle.webp 1200w, https:\/\/www.manoirsaintleon.com\/wp-content\/uploads\/2024\/03\/billet-Roque-Donjon-et-Manoir-de-la-Salle-300x300.webp 300w, https:\/\/www.manoirsaintleon.com\/wp-content\/uploads\/2024\/03\/billet-Roque-Donjon-et-Manoir-de-la-Salle-1024x1024.webp 1024w, https:\/\/www.manoirsaintleon.com\/wp-content\/uploads\/2024\/03\/billet-Roque-Donjon-et-Manoir-de-la-Salle-150x150.webp 150w, https:\/\/www.manoirsaintleon.com\/wp-content\/uploads\/2024\/03\/billet-Roque-Donjon-et-Manoir-de-la-Salle-768x768.webp 768w\" sizes=\"(max-width: 1200px) 100vw, 1200px\" \/><\/a><\/figure>\n\n\n\n<figure class=\"wp-block-image size-full\"><a href=\"https:\/\/www.manoirsaintleon.com\/wp-content\/uploads\/2024\/03\/billet-Reignac-Donjon-et-Manoir-de-la-Salle.webp\"><img decoding=\"async\" width=\"1000\" height=\"1000\" data-id=\"468\" src=\"https:\/\/www.manoirsaintleon.com\/wp-content\/uploads\/2024\/03\/billet-Reignac-Donjon-et-Manoir-de-la-Salle.webp\" alt=\"ticket Reignac Donjon and Manoir de la Salle\" class=\"wp-image-468\" srcset=\"https:\/\/www.manoirsaintleon.com\/wp-content\/uploads\/2024\/03\/billet-Reignac-Donjon-et-Manoir-de-la-Salle.webp 1000w, https:\/\/www.manoirsaintleon.com\/wp-content\/uploads\/2024\/03\/billet-Reignac-Donjon-et-Manoir-de-la-Salle-300x300.webp 300w, https:\/\/www.manoirsaintleon.com\/wp-content\/uploads\/2024\/03\/billet-Reignac-Donjon-et-Manoir-de-la-Salle-150x150.webp 150w, https:\/\/www.manoirsaintleon.com\/wp-content\/uploads\/2024\/03\/billet-Reignac-Donjon-et-Manoir-de-la-Salle-768x768.webp 768w\" sizes=\"(max-width: 1000px) 100vw, 1000px\" \/><\/a><\/figure>\n<\/figure>\n<\/div>\n\n\n\n<div class=\"wp-block-column is-vertically-aligned-center first is-layout-flow wp-block-column-is-layout-flow\">\n<h2 class=\"ls__heading wp-block-heading\">2-site twin tickets<\/h2>\n\n\n\n<p class=\"ls-paragraph\">Visit 2 sites in the <strong>V\u00e9z\u00e8re Valley<\/strong>, at<strong> preferential<\/strong> rates.  <\/p>\n\n\n\n<ul class=\"ls-list ls-list-undefined wp-block-list\">\n<li>Le Donjon, Manoir et Jardin de la Salle + la <a href=\"https:\/\/www.roque-st-christophe.com\/\" target=\"_blank\" rel=\"noreferrer noopener\">Roque Saint-Christophe<\/a>, a troglodytic fortress, an ancient medieval city perched on an airy cliff.<br><\/li>\n<\/ul>\n\n\n\n<p class=\"ls-paragraph\">Le Donjon, Manoir et Jardin de la Salle + la <a href=\"https:\/\/www.maison-forte-reignac.com\/\" target=\"_blank\" rel=\"noreferrer noopener\">Maison Forte de Reignac<\/a>: the only castle-cliff offering a journey through time from the Neolithic to the Middle Ages, an original, unique cliffside site.<\/p>\n\n\n\n<div class=\"wp-block-columns is-layout-flex wp-container-core-columns-is-layout-9d6595d7 wp-block-columns-is-layout-flex\">\n<div class=\"wp-block-column is-layout-flow wp-block-column-is-layout-flow\">\n<a href=\"https:\/\/roque.ats-sarlat.com\/cgi-bin\/progats\/ecommerce?licence=24LA_ROQUE_ST02&#038;typprest=3\" id=\"ls-button-block_d53c53ecfefb7be909b46ef7a9165a50\" target=\"_blank\" rel=\"\" class=\"ls-button\"><span>Buy a Pass Duo ticket<\/span><i class=\"roque-fleche-vers-la-droite\"><\/i><\/a><\/div>\n<\/div>\n<\/div>\n<\/div>\n\n\r\n    <\/div>\r\n<\/section>\n\n<section id=\"trio\" class=\"ls-section  home-fourth column has-background has-color-3-background-color has-m-t m-t-10 has-m-b m-b-0 has-p-t p-t-20 has-p-b p-b-14\" >\r\n        <div class=\"container container--wide\">\r\n        \n\n<div class=\"wp-block-columns is-layout-flex wp-container-core-columns-is-layout-9d6595d7 wp-block-columns-is-layout-flex\">\n<div class=\"wp-block-column is-vertically-aligned-center first is-layout-flow wp-block-column-is-layout-flow\">\n<h2 class=\"ls__heading wp-block-heading\">3-site twin trio ticket<\/h2>\n\n\n\n<p class=\"ls-paragraph\">Visit <strong>3 sites in the region<\/strong>, less than 10 minutes&#8217; drive from each other: Le<strong> Donjon, Manoir et Jardin de la Salle <\/strong>+ La <strong>Roque Saint-Christophe <\/strong>+ La <strong>Maison Forte de Reignac <\/strong>: the 3 sites are offered together, at preferential rates.  <\/p>\n\n\n\n<p class=\"ls-paragraph\">They can be visited on different days and in the order of your choice. These are complementary sites with a strong reputation and appeal to the whole family.<\/p>\n\n\n\n<div class=\"wp-block-columns is-layout-flex wp-container-core-columns-is-layout-9d6595d7 wp-block-columns-is-layout-flex\">\n<div class=\"wp-block-column is-layout-flow wp-block-column-is-layout-flow\">\n<a href=\"https:\/\/roque.ats-sarlat.com\/cgi-bin\/progats\/ecommerce?licence=24LA_ROQUE_ST02&#038;typprest=3\" id=\"ls-button-block_ec7113bb7beafbef762b5960decc1113\" target=\"_blank\" rel=\"\" class=\"ls-button\"><span>Buy a trio pass<\/span><i class=\"roque-fleche-vers-la-droite\"><\/i><\/a><\/div>\n<\/div>\n<\/div>\n\n\n\n<div class=\"wp-block-column is-vertically-aligned-center is-layout-flow wp-block-column-is-layout-flow\">\n<figure class=\"wp-block-image size-full\"><a href=\"https:\/\/www.manoirsaintleon.com\/wp-content\/uploads\/2024\/03\/prest7.jpg\"><img decoding=\"async\" width=\"798\" height=\"797\" src=\"https:\/\/www.manoirsaintleon.com\/wp-content\/uploads\/2024\/03\/prest7.jpg\" alt=\"\" class=\"wp-image-1333\" srcset=\"https:\/\/www.manoirsaintleon.com\/wp-content\/uploads\/2024\/03\/prest7.jpg 798w, https:\/\/www.manoirsaintleon.com\/wp-content\/uploads\/2024\/03\/prest7-300x300.jpg 300w, https:\/\/www.manoirsaintleon.com\/wp-content\/uploads\/2024\/03\/prest7-150x150.jpg 150w, https:\/\/www.manoirsaintleon.com\/wp-content\/uploads\/2024\/03\/prest7-768x767.jpg 768w\" sizes=\"(max-width: 798px) 100vw, 798px\" \/><\/a><\/figure>\n<\/div>\n<\/div>\n\n\r\n    <\/div>\r\n<\/section>","protected":false},"excerpt":{"rendered":"","protected":false},"author":1,"featured_media":480,"parent":0,"menu_order":0,"comment_status":"closed","ping_status":"closed","template":"","meta":{"_acf_changed":false,"inline_featured_image":false,"footnotes":""},"sujet":[],"class_list":["post-1268","page","type-page","status-publish","has-post-thumbnail","hentry"],"acf":[],"yoast_head":"<!-- This site is optimized with the Yoast SEO plugin v23.4 - https:\/\/yoast.com\/wordpress\/plugins\/seo\/ -->\n<title>Single and twin tickets to visit discounted sites in the Dordogne<\/title>\n<meta name=\"description\" content=\"Discover our simple packages to visit the Donjon, Manoir and Jardin de la Salle and take advantage of combined tickets for three historic sites in the Dordogne.\" \/>\n<meta name=\"robots\" content=\"index, follow, max-snippet:-1, max-image-preview:large, max-video-preview:-1\" \/>\n<link rel=\"canonical\" href=\"https:\/\/www.manoirsaintleon.com\/en\/single-twin-tickets\/\" \/>\n<meta property=\"og:locale\" content=\"en_US\" \/>\n<meta property=\"og:type\" content=\"article\" \/>\n<meta property=\"og:title\" content=\"Single and twin tickets to visit discounted sites in the Dordogne\" \/>\n<meta property=\"og:description\" content=\"Discover our simple packages to visit the Donjon, Manoir and Jardin de la Salle and take advantage of combined tickets for three historic sites in the Dordogne.\" \/>\n<meta property=\"og:url\" content=\"https:\/\/www.manoirsaintleon.com\/en\/single-twin-tickets\/\" \/>\n<meta property=\"og:site_name\" content=\"Donjon, Manoir et Jardin de la Salle\" \/>\n<meta property=\"article:modified_time\" content=\"2025-02-03T10:11:06+00:00\" \/>\n<meta property=\"og:image\" content=\"https:\/\/www.manoirsaintleon.com\/wp-content\/uploads\/2024\/03\/Donjon-et-Manoir-de-la-Salle-Parc.webp\" \/>\n\t<meta property=\"og:image:width\" content=\"2000\" \/>\n\t<meta property=\"og:image:height\" content=\"1500\" \/>\n\t<meta property=\"og:image:type\" content=\"image\/webp\" \/>\n<meta name=\"twitter:card\" content=\"summary_large_image\" \/>\n<meta name=\"twitter:label1\" content=\"Est. reading time\" \/>\n\t<meta name=\"twitter:data1\" content=\"3 minutes\" \/>\n<script type=\"application\/ld+json\" class=\"yoast-schema-graph\">{\"@context\":\"https:\/\/schema.org\",\"@graph\":[{\"@type\":\"WebPage\",\"@id\":\"https:\/\/www.manoirsaintleon.com\/en\/single-twin-tickets\/\",\"url\":\"https:\/\/www.manoirsaintleon.com\/en\/single-twin-tickets\/\",\"name\":\"Single and twin tickets to visit discounted sites in the Dordogne\",\"isPartOf\":{\"@id\":\"https:\/\/www.manoirsaintleon.com\/en\/#website\"},\"primaryImageOfPage\":{\"@id\":\"https:\/\/www.manoirsaintleon.com\/en\/single-twin-tickets\/#primaryimage\"},\"image\":{\"@id\":\"https:\/\/www.manoirsaintleon.com\/en\/single-twin-tickets\/#primaryimage\"},\"thumbnailUrl\":\"https:\/\/www.manoirsaintleon.com\/wp-content\/uploads\/2024\/03\/Donjon-et-Manoir-de-la-Salle-Parc.webp\",\"datePublished\":\"2024-03-06T14:06:27+00:00\",\"dateModified\":\"2025-02-03T10:11:06+00:00\",\"description\":\"Discover our simple packages to visit the Donjon, Manoir and Jardin de la Salle and take advantage of combined tickets for three historic sites in the Dordogne.\",\"breadcrumb\":{\"@id\":\"https:\/\/www.manoirsaintleon.com\/en\/single-twin-tickets\/#breadcrumb\"},\"inLanguage\":\"en-US\",\"potentialAction\":[{\"@type\":\"ReadAction\",\"target\":[\"https:\/\/www.manoirsaintleon.com\/en\/single-twin-tickets\/\"]}]},{\"@type\":\"ImageObject\",\"inLanguage\":\"en-US\",\"@id\":\"https:\/\/www.manoirsaintleon.com\/en\/single-twin-tickets\/#primaryimage\",\"url\":\"https:\/\/www.manoirsaintleon.com\/wp-content\/uploads\/2024\/03\/Donjon-et-Manoir-de-la-Salle-Parc.webp\",\"contentUrl\":\"https:\/\/www.manoirsaintleon.com\/wp-content\/uploads\/2024\/03\/Donjon-et-Manoir-de-la-Salle-Parc.webp\",\"width\":2000,\"height\":1500,\"caption\":\"Donjon and Manoir de la Salle Park\"},{\"@type\":\"BreadcrumbList\",\"@id\":\"https:\/\/www.manoirsaintleon.com\/en\/single-twin-tickets\/#breadcrumb\",\"itemListElement\":[{\"@type\":\"ListItem\",\"position\":1,\"name\":\"Donjon, Manoir et Jardin de la salle\",\"item\":\"https:\/\/www.manoirsaintleon.com\/en\/\"},{\"@type\":\"ListItem\",\"position\":2,\"name\":\"Single and twin tickets\"}]},{\"@type\":\"WebSite\",\"@id\":\"https:\/\/www.manoirsaintleon.com\/en\/#website\",\"url\":\"https:\/\/www.manoirsaintleon.com\/en\/\",\"name\":\"Donjon, Manoir et Jardin de la Salle\",\"description\":\"\",\"publisher\":{\"@id\":\"https:\/\/www.manoirsaintleon.com\/en\/#organization\"},\"potentialAction\":[{\"@type\":\"SearchAction\",\"target\":{\"@type\":\"EntryPoint\",\"urlTemplate\":\"https:\/\/www.manoirsaintleon.com\/en\/?s={search_term_string}\"},\"query-input\":{\"@type\":\"PropertyValueSpecification\",\"valueRequired\":true,\"valueName\":\"search_term_string\"}}],\"inLanguage\":\"en-US\"},{\"@type\":\"Organization\",\"@id\":\"https:\/\/www.manoirsaintleon.com\/en\/#organization\",\"name\":\"Donjon, Manoir et Jardin de la Salle\",\"url\":\"https:\/\/www.manoirsaintleon.com\/en\/\",\"logo\":{\"@type\":\"ImageObject\",\"inLanguage\":\"en-US\",\"@id\":\"https:\/\/www.manoirsaintleon.com\/en\/#\/schema\/logo\/image\/\",\"url\":\"https:\/\/www.manoirsaintleon.com\/wp-content\/uploads\/2024\/03\/logo-donjon.webp\",\"contentUrl\":\"https:\/\/www.manoirsaintleon.com\/wp-content\/uploads\/2024\/03\/logo-donjon.webp\",\"width\":468,\"height\":170,\"caption\":\"Donjon, Manoir et Jardin de la Salle\"},\"image\":{\"@id\":\"https:\/\/www.manoirsaintleon.com\/en\/#\/schema\/logo\/image\/\"}}]}<\/script>\n<!-- \/ Yoast SEO plugin. -->","yoast_head_json":{"title":"Single and twin tickets to visit discounted sites in the Dordogne","description":"Discover our simple packages to visit the Donjon, Manoir and Jardin de la Salle and take advantage of combined tickets for three historic sites in the Dordogne.","robots":{"index":"index","follow":"follow","max-snippet":"max-snippet:-1","max-image-preview":"max-image-preview:large","max-video-preview":"max-video-preview:-1"},"canonical":"https:\/\/www.manoirsaintleon.com\/en\/single-twin-tickets\/","og_locale":"en_US","og_type":"article","og_title":"Single and twin tickets to visit discounted sites in the Dordogne","og_description":"Discover our simple packages to visit the Donjon, Manoir and Jardin de la Salle and take advantage of combined tickets for three historic sites in the Dordogne.","og_url":"https:\/\/www.manoirsaintleon.com\/en\/single-twin-tickets\/","og_site_name":"Donjon, Manoir et Jardin de la Salle","article_modified_time":"2025-02-03T10:11:06+00:00","og_image":[{"width":2000,"height":1500,"url":"https:\/\/www.manoirsaintleon.com\/wp-content\/uploads\/2024\/03\/Donjon-et-Manoir-de-la-Salle-Parc.webp","type":"image\/webp"}],"twitter_card":"summary_large_image","twitter_misc":{"Est. reading time":"3 minutes"},"schema":{"@context":"https:\/\/schema.org","@graph":[{"@type":"WebPage","@id":"https:\/\/www.manoirsaintleon.com\/en\/single-twin-tickets\/","url":"https:\/\/www.manoirsaintleon.com\/en\/single-twin-tickets\/","name":"Single and twin tickets to visit discounted sites in the Dordogne","isPartOf":{"@id":"https:\/\/www.manoirsaintleon.com\/en\/#website"},"primaryImageOfPage":{"@id":"https:\/\/www.manoirsaintleon.com\/en\/single-twin-tickets\/#primaryimage"},"image":{"@id":"https:\/\/www.manoirsaintleon.com\/en\/single-twin-tickets\/#primaryimage"},"thumbnailUrl":"https:\/\/www.manoirsaintleon.com\/wp-content\/uploads\/2024\/03\/Donjon-et-Manoir-de-la-Salle-Parc.webp","datePublished":"2024-03-06T14:06:27+00:00","dateModified":"2025-02-03T10:11:06+00:00","description":"Discover our simple packages to visit the Donjon, Manoir and Jardin de la Salle and take advantage of combined tickets for three historic sites in the Dordogne.","breadcrumb":{"@id":"https:\/\/www.manoirsaintleon.com\/en\/single-twin-tickets\/#breadcrumb"},"inLanguage":"en-US","potentialAction":[{"@type":"ReadAction","target":["https:\/\/www.manoirsaintleon.com\/en\/single-twin-tickets\/"]}]},{"@type":"ImageObject","inLanguage":"en-US","@id":"https:\/\/www.manoirsaintleon.com\/en\/single-twin-tickets\/#primaryimage","url":"https:\/\/www.manoirsaintleon.com\/wp-content\/uploads\/2024\/03\/Donjon-et-Manoir-de-la-Salle-Parc.webp","contentUrl":"https:\/\/www.manoirsaintleon.com\/wp-content\/uploads\/2024\/03\/Donjon-et-Manoir-de-la-Salle-Parc.webp","width":2000,"height":1500,"caption":"Donjon and Manoir de la Salle Park"},{"@type":"BreadcrumbList","@id":"https:\/\/www.manoirsaintleon.com\/en\/single-twin-tickets\/#breadcrumb","itemListElement":[{"@type":"ListItem","position":1,"name":"Donjon, Manoir et Jardin de la salle","item":"https:\/\/www.manoirsaintleon.com\/en\/"},{"@type":"ListItem","position":2,"name":"Single and twin tickets"}]},{"@type":"WebSite","@id":"https:\/\/www.manoirsaintleon.com\/en\/#website","url":"https:\/\/www.manoirsaintleon.com\/en\/","name":"Donjon, Manoir et Jardin de la Salle","description":"","publisher":{"@id":"https:\/\/www.manoirsaintleon.com\/en\/#organization"},"potentialAction":[{"@type":"SearchAction","target":{"@type":"EntryPoint","urlTemplate":"https:\/\/www.manoirsaintleon.com\/en\/?s={search_term_string}"},"query-input":{"@type":"PropertyValueSpecification","valueRequired":true,"valueName":"search_term_string"}}],"inLanguage":"en-US"},{"@type":"Organization","@id":"https:\/\/www.manoirsaintleon.com\/en\/#organization","name":"Donjon, Manoir et Jardin de la Salle","url":"https:\/\/www.manoirsaintleon.com\/en\/","logo":{"@type":"ImageObject","inLanguage":"en-US","@id":"https:\/\/www.manoirsaintleon.com\/en\/#\/schema\/logo\/image\/","url":"https:\/\/www.manoirsaintleon.com\/wp-content\/uploads\/2024\/03\/logo-donjon.webp","contentUrl":"https:\/\/www.manoirsaintleon.com\/wp-content\/uploads\/2024\/03\/logo-donjon.webp","width":468,"height":170,"caption":"Donjon, Manoir et Jardin de la Salle"},"image":{"@id":"https:\/\/www.manoirsaintleon.com\/en\/#\/schema\/logo\/image\/"}}]}},"_links":{"self":[{"href":"https:\/\/www.manoirsaintleon.com\/en\/wp-json\/wp\/v2\/pages\/1268","targetHints":{"allow":["GET"]}}],"collection":[{"href":"https:\/\/www.manoirsaintleon.com\/en\/wp-json\/wp\/v2\/pages"}],"about":[{"href":"https:\/\/www.manoirsaintleon.com\/en\/wp-json\/wp\/v2\/types\/page"}],"author":[{"embeddable":true,"href":"https:\/\/www.manoirsaintleon.com\/en\/wp-json\/wp\/v2\/users\/1"}],"replies":[{"embeddable":true,"href":"https:\/\/www.manoirsaintleon.com\/en\/wp-json\/wp\/v2\/comments?post=1268"}],"version-history":[{"count":8,"href":"https:\/\/www.manoirsaintleon.com\/en\/wp-json\/wp\/v2\/pages\/1268\/revisions"}],"predecessor-version":[{"id":1624,"href":"https:\/\/www.manoirsaintleon.com\/en\/wp-json\/wp\/v2\/pages\/1268\/revisions\/1624"}],"wp:featuredmedia":[{"embeddable":true,"href":"https:\/\/www.manoirsaintleon.com\/en\/wp-json\/wp\/v2\/media\/480"}],"wp:attachment":[{"href":"https:\/\/www.manoirsaintleon.com\/en\/wp-json\/wp\/v2\/media?parent=1268"}],"wp:term":[{"taxonomy":"sujet","embeddable":true,"href":"https:\/\/www.manoirsaintleon.com\/en\/wp-json\/wp\/v2\/sujet?post=1268"}],"curies":[{"name":"wp","href":"https:\/\/api.w.org\/{rel}","templated":true}]}}